{"id":822,"date":"2019-12-16T17:14:19","date_gmt":"2019-12-16T17:14:19","guid":{"rendered":"http:\/\/blue-waves-resort.ms.decms.eu\/?page_id=822"},"modified":"2021-01-22T12:07:17","modified_gmt":"2021-01-22T12:07:17","slug":"nas-program-zvestobe","status":"publish","type":"page","link":"https:\/\/bluewaves.hr\/sl\/nas-program-zvestobe\/","title":{"rendered":"Na\u0161 program zvestobe"},"content":{"rendered":"<p>Postanite \u010dlan na\u0161ega programa zvestobe in koristite \u0161tevilne ugodnosti, ki smo jih pripravili.<br \/>\nPrijava je brezpla\u010dna, ugodnosti pa lahko koristite \u017ee pri naslednjem bivanju v Blue Waves Resortu. Z razlogom je slogan na\u0161ega Resorta &#8211; Va\u0161 dom na pla\u017ei.<\/p>\n<p>Ob\u010dutek doma\u010dnosti in dru\u017eine je tisto k \u010demur te\u017eimo.Na\u0161i gostje so kot \u010dlani dru\u017eine in izjemno cenimo to, da ob\u010dutijo pripadnost na\u0161emu Blue Waves Resortu. Na\u0161 program zvestobe je le en od na\u010dinov, da poka\u017eemo koliko cenimo mo\u017enost da smo del najlep\u0161ega obdobja v letu &#8211; dopusta z va\u0161imi najdra\u017ejimi.<\/p>\n","protected":false},"excerpt":{"rendered":"<p>Postanite \u010dlan na\u0161ega programa zvestobe in koristite \u0161tevilne ugodnosti, ki smo jih pripravili. Prijava je brezpla\u010dna, ugodnosti pa lahko koristite \u017ee pri naslednjem bivanju v Blue Waves Resortu. Z razlogom je slogan na\u0161ega Resorta &#8211; Va\u0161 dom na pla\u017ei. Ob\u010dutek doma\u010dnosti in dru\u017eine je tisto k \u010demur te\u017eimo.Na\u0161i gostje so kot \u010dlani dru\u017eine in izjemno [&hellip;]<\/p>\n","protected":false},"author":4,"featured_media":0,"parent":0,"menu_order":130,"comment_status":"closed","ping_status":"closed","template":"","meta":{"footnotes":""},"class_list":["post-822","page","type-page","status-publish","hentry"],"yoast_head":"<!-- This site is optimized with the Yoast SEO plugin v26.9 - https:\/\/yoast.com\/product\/yoast-seo-wordpress\/ -->\n<title>Na\u0161 program zvestobe - Blue Waves Resort<\/title>\n<meta name=\"description\" content=\"Brezpla\u010dno se prijavite v na\u0161 program zvestobe in izkoristite \u0161tevilne ugodnosti in popuste. Cenimo in nagrajujemo va\u0161o zvestobo.\" \/>\n<meta name=\"robots\" content=\"index, follow, max-snippet:-1, max-image-preview:large, max-video-preview:-1\" \/>\n<link rel=\"canonical\" href=\"https:\/\/bluewaves.hr\/sl\/nas-program-zvestobe\/\" \/>\n<meta property=\"og:locale\" content=\"sl_SI\" \/>\n<meta property=\"og:type\" content=\"article\" \/>\n<meta property=\"og:title\" content=\"Na\u0161 program zvestobe - Blue Waves Resort\" \/>\n<meta property=\"og:description\" content=\"Brezpla\u010dno se prijavite v na\u0161 program zvestobe in izkoristite \u0161tevilne ugodnosti in popuste. Cenimo in nagrajujemo va\u0161o zvestobo.\" \/>\n<meta property=\"og:url\" content=\"https:\/\/bluewaves.hr\/sl\/nas-program-zvestobe\/\" \/>\n<meta property=\"og:site_name\" content=\"Blue Waves Resort\" \/>\n<meta property=\"article:modified_time\" content=\"2021-01-22T12:07:17+00:00\" \/>\n<meta name=\"twitter:card\" content=\"summary_large_image\" \/>\n<meta name=\"twitter:label1\" content=\"Est. reading time\" \/>\n\t<meta name=\"twitter:data1\" content=\"1 minuta\" \/>\n<script type=\"application\/ld+json\" class=\"yoast-schema-graph\">{\"@context\":\"https:\/\/schema.org\",\"@graph\":[{\"@type\":\"WebPage\",\"@id\":\"https:\/\/bluewaves.hr\/sl\/nas-program-zvestobe\/\",\"url\":\"https:\/\/bluewaves.hr\/sl\/nas-program-zvestobe\/\",\"name\":\"Na\u0161 program zvestobe - Blue Waves Resort\",\"isPartOf\":{\"@id\":\"https:\/\/bluewaves.hr\/sl\/#website\"},\"datePublished\":\"2019-12-16T17:14:19+00:00\",\"dateModified\":\"2021-01-22T12:07:17+00:00\",\"description\":\"Brezpla\u010dno se prijavite v na\u0161 program zvestobe in izkoristite \u0161tevilne ugodnosti in popuste. Cenimo in nagrajujemo va\u0161o zvestobo.\",\"breadcrumb\":{\"@id\":\"https:\/\/bluewaves.hr\/sl\/nas-program-zvestobe\/#breadcrumb\"},\"inLanguage\":\"sl-SI\",\"potentialAction\":[{\"@type\":\"ReadAction\",\"target\":[\"https:\/\/bluewaves.hr\/sl\/nas-program-zvestobe\/\"]}]},{\"@type\":\"BreadcrumbList\",\"@id\":\"https:\/\/bluewaves.hr\/sl\/nas-program-zvestobe\/#breadcrumb\",\"itemListElement\":[{\"@type\":\"ListItem\",\"position\":1,\"name\":\"Home\",\"item\":\"https:\/\/bluewaves.hr\/sl\/\"},{\"@type\":\"ListItem\",\"position\":2,\"name\":\"Na\u0161 program zvestobe\"}]},{\"@type\":\"WebSite\",\"@id\":\"https:\/\/bluewaves.hr\/sl\/#website\",\"url\":\"https:\/\/bluewaves.hr\/sl\/\",\"name\":\"Blue Waves Resort\",\"description\":\"Just another ms.decms.eu site\",\"publisher\":{\"@id\":\"https:\/\/bluewaves.hr\/sl\/#organization\"},\"potentialAction\":[{\"@type\":\"SearchAction\",\"target\":{\"@type\":\"EntryPoint\",\"urlTemplate\":\"https:\/\/bluewaves.hr\/sl\/?s={search_term_string}\"},\"query-input\":{\"@type\":\"PropertyValueSpecification\",\"valueRequired\":true,\"valueName\":\"search_term_string\"}}],\"inLanguage\":\"sl-SI\"},{\"@type\":\"Organization\",\"@id\":\"https:\/\/bluewaves.hr\/sl\/#organization\",\"name\":\"Blue Waves Resort\",\"url\":\"https:\/\/bluewaves.hr\/sl\/\",\"logo\":{\"@type\":\"ImageObject\",\"inLanguage\":\"sl-SI\",\"@id\":\"https:\/\/bluewaves.hr\/sl\/#\/schema\/logo\/image\/\",\"url\":\"https:\/\/bluewaves.hr\/wp-content\/uploads\/sites\/100\/2024\/01\/Blue-waves-logo-zlatni.png\",\"contentUrl\":\"https:\/\/bluewaves.hr\/wp-content\/uploads\/sites\/100\/2024\/01\/Blue-waves-logo-zlatni.png\",\"width\":1168,\"height\":652,\"caption\":\"Blue Waves Resort\"},\"image\":{\"@id\":\"https:\/\/bluewaves.hr\/sl\/#\/schema\/logo\/image\/\"}}]}<\/script>\n<!-- \/ Yoast SEO plugin. -->","yoast_head_json":{"title":"Na\u0161 program zvestobe - Blue Waves Resort","description":"Brezpla\u010dno se prijavite v na\u0161 program zvestobe in izkoristite \u0161tevilne ugodnosti in popuste. Cenimo in nagrajujemo va\u0161o zvestobo.","robots":{"index":"index","follow":"follow","max-snippet":"max-snippet:-1","max-image-preview":"max-image-preview:large","max-video-preview":"max-video-preview:-1"},"canonical":"https:\/\/bluewaves.hr\/sl\/nas-program-zvestobe\/","og_locale":"sl_SI","og_type":"article","og_title":"Na\u0161 program zvestobe - Blue Waves Resort","og_description":"Brezpla\u010dno se prijavite v na\u0161 program zvestobe in izkoristite \u0161tevilne ugodnosti in popuste. Cenimo in nagrajujemo va\u0161o zvestobo.","og_url":"https:\/\/bluewaves.hr\/sl\/nas-program-zvestobe\/","og_site_name":"Blue Waves Resort","article_modified_time":"2021-01-22T12:07:17+00:00","twitter_card":"summary_large_image","twitter_misc":{"Est. reading time":"1 minuta"},"schema":{"@context":"https:\/\/schema.org","@graph":[{"@type":"WebPage","@id":"https:\/\/bluewaves.hr\/sl\/nas-program-zvestobe\/","url":"https:\/\/bluewaves.hr\/sl\/nas-program-zvestobe\/","name":"Na\u0161 program zvestobe - Blue Waves Resort","isPartOf":{"@id":"https:\/\/bluewaves.hr\/sl\/#website"},"datePublished":"2019-12-16T17:14:19+00:00","dateModified":"2021-01-22T12:07:17+00:00","description":"Brezpla\u010dno se prijavite v na\u0161 program zvestobe in izkoristite \u0161tevilne ugodnosti in popuste. Cenimo in nagrajujemo va\u0161o zvestobo.","breadcrumb":{"@id":"https:\/\/bluewaves.hr\/sl\/nas-program-zvestobe\/#breadcrumb"},"inLanguage":"sl-SI","potentialAction":[{"@type":"ReadAction","target":["https:\/\/bluewaves.hr\/sl\/nas-program-zvestobe\/"]}]},{"@type":"BreadcrumbList","@id":"https:\/\/bluewaves.hr\/sl\/nas-program-zvestobe\/#breadcrumb","itemListElement":[{"@type":"ListItem","position":1,"name":"Home","item":"https:\/\/bluewaves.hr\/sl\/"},{"@type":"ListItem","position":2,"name":"Na\u0161 program zvestobe"}]},{"@type":"WebSite","@id":"https:\/\/bluewaves.hr\/sl\/#website","url":"https:\/\/bluewaves.hr\/sl\/","name":"Blue Waves Resort","description":"Just another ms.decms.eu site","publisher":{"@id":"https:\/\/bluewaves.hr\/sl\/#organization"},"potentialAction":[{"@type":"SearchAction","target":{"@type":"EntryPoint","urlTemplate":"https:\/\/bluewaves.hr\/sl\/?s={search_term_string}"},"query-input":{"@type":"PropertyValueSpecification","valueRequired":true,"valueName":"search_term_string"}}],"inLanguage":"sl-SI"},{"@type":"Organization","@id":"https:\/\/bluewaves.hr\/sl\/#organization","name":"Blue Waves Resort","url":"https:\/\/bluewaves.hr\/sl\/","logo":{"@type":"ImageObject","inLanguage":"sl-SI","@id":"https:\/\/bluewaves.hr\/sl\/#\/schema\/logo\/image\/","url":"https:\/\/bluewaves.hr\/wp-content\/uploads\/sites\/100\/2024\/01\/Blue-waves-logo-zlatni.png","contentUrl":"https:\/\/bluewaves.hr\/wp-content\/uploads\/sites\/100\/2024\/01\/Blue-waves-logo-zlatni.png","width":1168,"height":652,"caption":"Blue Waves Resort"},"image":{"@id":"https:\/\/bluewaves.hr\/sl\/#\/schema\/logo\/image\/"}}]}},"acf":[],"_links":{"self":[{"href":"https:\/\/bluewaves.hr\/sl\/wp-json\/wp\/v2\/pages\/822","targetHints":{"allow":["GET"]}}],"collection":[{"href":"https:\/\/bluewaves.hr\/sl\/wp-json\/wp\/v2\/pages"}],"about":[{"href":"https:\/\/bluewaves.hr\/sl\/wp-json\/wp\/v2\/types\/page"}],"author":[{"embeddable":true,"href":"https:\/\/bluewaves.hr\/sl\/wp-json\/wp\/v2\/users\/4"}],"replies":[{"embeddable":true,"href":"https:\/\/bluewaves.hr\/sl\/wp-json\/wp\/v2\/comments?post=822"}],"version-history":[{"count":0,"href":"https:\/\/bluewaves.hr\/sl\/wp-json\/wp\/v2\/pages\/822\/revisions"}],"wp:attachment":[{"href":"https:\/\/bluewaves.hr\/sl\/wp-json\/wp\/v2\/media?parent=822"}],"curies":[{"name":"wp","href":"https:\/\/api.w.org\/{rel}","templated":true}]}}