{"id":826,"date":"2019-12-16T17:17:01","date_gmt":"2019-12-16T17:17:01","guid":{"rendered":"http:\/\/blue-waves-resort.ms.decms.eu\/?page_id=826"},"modified":"2022-03-11T16:02:32","modified_gmt":"2022-03-11T16:02:32","slug":"newsletter","status":"publish","type":"page","link":"https:\/\/bluewaves.hr\/sl\/newsletter\/","title":{"rendered":"Newsletter"},"content":{"rendered":"<p>Naro\u010dite se na na\u0161e e-novice, \u010de \u017eelite biti redno seznanjeni z vsemi aktualnimi novostmi in ponudbami. S po\u0161iljanjem tega obrazca se strinjam, da se vsi moji osebni podatki in podatki za stik obdelujejo in uporabljajo za namene marketin\u0161ke komunikacije. Od e-novic se lahko kadar koli odjavite, in sicer s klikom povezave \u00bbOdjava\u00ab, ki je vklju\u010dena v vsake e-novice.<\/p>\n\n                <div class='gf_browser_gecko gform_wrapper' id='gform_wrapper_17' ><form method='post' enctype='multipart\/form-data'  id='gform_17'  action='\/sl\/wp-json\/wp\/v2\/pages\/826'>\n                        <div class='gform_heading'>\n                            <span class='gform_description'><\/span>\n                        <\/div>\n                        <div class='gform_body'><ul id='gform_fields_17' class='gform_fields top_label form_sublabel_below description_below'><li id='field_17_1'  class='gfield gfield_contains_required field_sublabel_below field_description_above gfield_visibility_visible' ><label class='gfield_label' for='input_17_1' >Ime<span class='gfield_required'>*<\/span><\/label><div class='ginput_container ginput_container_text'><input name='input_1' id='input_17_1' type='text' value='' class='medium'    placeholder='Ime' aria-required=\"true\" aria-invalid=\"false\" \/><\/div><\/li><li id='field_17_2'  class='gfield gfield_contains_required field_sublabel_below field_description_below gfield_visibility_visible' ><label class='gfield_label' for='input_17_2' >Priimek<span class='gfield_required'>*<\/span><\/label><div class='ginput_container ginput_container_text'><input name='input_2' id='input_17_2' type='text' value='' class='medium'    placeholder='Priimek' aria-required=\"true\" aria-invalid=\"false\" \/><\/div><\/li><li id='field_17_4'  class='gfield gfield_contains_required field_sublabel_below field_description_below gfield_visibility_visible' ><label class='gfield_label' for='input_17_4' >Email<span class='gfield_required'>*<\/span><\/label><div class='ginput_container ginput_container_email'>\n                            <input name='input_4' id='input_17_4' type='text' value='' class='medium'   placeholder='E-mail' aria-required=\"true\" aria-invalid=\"false\" \/>\n                        <\/div><\/li><li id='field_17_9'  class='gfield privacy gfield_contains_required field_sublabel_below field_description_below gfield_visibility_visible' ><label class='gfield_label'  >Politika zasebnosti<span class='gfield_required'>*<\/span><\/label><div class='ginput_container ginput_container_checkbox'><ul class='gfield_checkbox' id='input_17_9'><li class='gchoice_17_9_1'>\n\t\t\t\t\t\t\t\t<input name='input_9.1' type='checkbox'  value='Da, sprejel sem pravilnik o zasebnosti'  id='choice_17_9_1'   \/>\n\t\t\t\t\t\t\t\t<label for='choice_17_9_1' id='label_17_9_1'>Da, sprejel sem pravilnik o zasebnosti<\/label>\n\t\t\t\t\t\t\t<\/li><\/ul><\/div><\/li><li id='field_17_11'  class='gfield field_sublabel_below field_description_below gfield_visibility_visible' ><label class='gfield_label' for='input_17_11' >CAPTCHA<\/label><div id='input_17_11' class='ginput_container ginput_recaptcha' data-sitekey='6LetGMsUAAAAAFVTibSBIvAHHrys6fTQkvaNCUbF'  data-theme='light' data-tabindex='0'  data-badge=''><\/div><\/li><li id='field_17_12'  class='gfield gform_validation_container field_sublabel_below field_description_below gfield_visibility_visible' ><label class='gfield_label' for='input_17_12' >Email<\/label><div class='ginput_container'><input name='input_12' id='input_17_12' type='text' value='' \/><\/div><div class='gfield_description' id='gfield_description_17_12'>This field is for validation purposes and should be left unchanged.<\/div><\/li>\n                            <\/ul><\/div>\n        <div class='gform_footer top_label'> <input type='submit' id='gform_submit_button_17' class='gform_button button' value='Oddati'  onclick='if(window[\"gf_submitting_17\"]){return false;}  window[\"gf_submitting_17\"]=true;  ' onkeypress='if( event.keyCode == 13 ){ if(window[\"gf_submitting_17\"]){return false;} window[\"gf_submitting_17\"]=true;  jQuery(\"#gform_17\").trigger(\"submit\",[true]); }' \/> \n            <input type='hidden' class='gform_hidden' name='is_submit_17' value='1' \/>\n            <input type='hidden' class='gform_hidden' name='gform_submit' value='17' \/>\n            \n            <input type='hidden' class='gform_hidden' name='gform_unique_id' value='' \/>\n            <input type='hidden' class='gform_hidden' name='state_17' value='WyJbXSIsIjMzYmYyMWNkYTJhNzA4YTM1YzdlNzFmY2RiNzcyYTQwIl0=' \/>\n            <input type='hidden' class='gform_hidden' name='gform_target_page_number_17' id='gform_target_page_number_17' value='0' \/>\n            <input type='hidden' class='gform_hidden' name='gform_source_page_number_17' id='gform_source_page_number_17' value='1' \/>\n            <input type='hidden' name='gform_field_values' value='' \/>\n            \n        <\/div>\n                        <\/form>\n                        <\/div>\n","protected":false},"excerpt":{"rendered":"<p>Naro\u010dite se na na\u0161e e-novice, \u010de \u017eelite biti redno seznanjeni z vsemi aktualnimi novostmi in ponudbami. S po\u0161iljanjem tega obrazca se strinjam, da se vsi moji osebni podatki in podatki za stik obdelujejo in uporabljajo za namene marketin\u0161ke komunikacije. Od e-novic se lahko kadar koli odjavite, in sicer s klikom povezave \u00bbOdjava\u00ab, ki je vklju\u010dena [&hellip;]<\/p>\n","protected":false},"author":4,"featured_media":0,"parent":0,"menu_order":160,"comment_status":"closed","ping_status":"closed","template":"","meta":{"footnotes":""},"class_list":["post-826","page","type-page","status-publish","hentry"],"yoast_head":"<!-- This site is optimized with the Yoast SEO plugin v26.9 - https:\/\/yoast.com\/product\/yoast-seo-wordpress\/ -->\n<title>Newsletter - Blue Waves Resort<\/title>\n<meta name=\"robots\" content=\"index, follow, max-snippet:-1, max-image-preview:large, max-video-preview:-1\" \/>\n<link rel=\"canonical\" href=\"https:\/\/bluewaves.hr\/sl\/newsletter\/\" \/>\n<meta property=\"og:locale\" content=\"sl_SI\" \/>\n<meta property=\"og:type\" content=\"article\" \/>\n<meta property=\"og:title\" content=\"Newsletter - Blue Waves Resort\" \/>\n<meta property=\"og:description\" content=\"Naro\u010dite se na na\u0161e e-novice, \u010de \u017eelite biti redno seznanjeni z vsemi aktualnimi novostmi in ponudbami. S po\u0161iljanjem tega obrazca se strinjam, da se vsi moji osebni podatki in podatki za stik obdelujejo in uporabljajo za namene marketin\u0161ke komunikacije. Od e-novic se lahko kadar koli odjavite, in sicer s klikom povezave \u00bbOdjava\u00ab, ki je vklju\u010dena [&hellip;]\" \/>\n<meta property=\"og:url\" content=\"https:\/\/bluewaves.hr\/sl\/newsletter\/\" \/>\n<meta property=\"og:site_name\" content=\"Blue Waves Resort\" \/>\n<meta property=\"article:modified_time\" content=\"2022-03-11T16:02:32+00:00\" \/>\n<meta name=\"twitter:card\" content=\"summary_large_image\" \/>\n<script type=\"application\/ld+json\" class=\"yoast-schema-graph\">{\"@context\":\"https:\/\/schema.org\",\"@graph\":[{\"@type\":\"WebPage\",\"@id\":\"https:\/\/bluewaves.hr\/sl\/newsletter\/\",\"url\":\"https:\/\/bluewaves.hr\/sl\/newsletter\/\",\"name\":\"Newsletter - Blue Waves Resort\",\"isPartOf\":{\"@id\":\"https:\/\/bluewaves.hr\/sl\/#website\"},\"datePublished\":\"2019-12-16T17:17:01+00:00\",\"dateModified\":\"2022-03-11T16:02:32+00:00\",\"breadcrumb\":{\"@id\":\"https:\/\/bluewaves.hr\/sl\/newsletter\/#breadcrumb\"},\"inLanguage\":\"sl-SI\",\"potentialAction\":[{\"@type\":\"ReadAction\",\"target\":[\"https:\/\/bluewaves.hr\/sl\/newsletter\/\"]}]},{\"@type\":\"BreadcrumbList\",\"@id\":\"https:\/\/bluewaves.hr\/sl\/newsletter\/#breadcrumb\",\"itemListElement\":[{\"@type\":\"ListItem\",\"position\":1,\"name\":\"Home\",\"item\":\"https:\/\/bluewaves.hr\/sl\/\"},{\"@type\":\"ListItem\",\"position\":2,\"name\":\"Newsletter\"}]},{\"@type\":\"WebSite\",\"@id\":\"https:\/\/bluewaves.hr\/sl\/#website\",\"url\":\"https:\/\/bluewaves.hr\/sl\/\",\"name\":\"Blue Waves Resort\",\"description\":\"Just another ms.decms.eu site\",\"publisher\":{\"@id\":\"https:\/\/bluewaves.hr\/sl\/#organization\"},\"potentialAction\":[{\"@type\":\"SearchAction\",\"target\":{\"@type\":\"EntryPoint\",\"urlTemplate\":\"https:\/\/bluewaves.hr\/sl\/?s={search_term_string}\"},\"query-input\":{\"@type\":\"PropertyValueSpecification\",\"valueRequired\":true,\"valueName\":\"search_term_string\"}}],\"inLanguage\":\"sl-SI\"},{\"@type\":\"Organization\",\"@id\":\"https:\/\/bluewaves.hr\/sl\/#organization\",\"name\":\"Blue Waves Resort\",\"url\":\"https:\/\/bluewaves.hr\/sl\/\",\"logo\":{\"@type\":\"ImageObject\",\"inLanguage\":\"sl-SI\",\"@id\":\"https:\/\/bluewaves.hr\/sl\/#\/schema\/logo\/image\/\",\"url\":\"https:\/\/bluewaves.hr\/wp-content\/uploads\/sites\/100\/2024\/01\/Blue-waves-logo-zlatni.png\",\"contentUrl\":\"https:\/\/bluewaves.hr\/wp-content\/uploads\/sites\/100\/2024\/01\/Blue-waves-logo-zlatni.png\",\"width\":1168,\"height\":652,\"caption\":\"Blue Waves Resort\"},\"image\":{\"@id\":\"https:\/\/bluewaves.hr\/sl\/#\/schema\/logo\/image\/\"}}]}<\/script>\n<!-- \/ Yoast SEO plugin. -->","yoast_head_json":{"title":"Newsletter - Blue Waves Resort","robots":{"index":"index","follow":"follow","max-snippet":"max-snippet:-1","max-image-preview":"max-image-preview:large","max-video-preview":"max-video-preview:-1"},"canonical":"https:\/\/bluewaves.hr\/sl\/newsletter\/","og_locale":"sl_SI","og_type":"article","og_title":"Newsletter - Blue Waves Resort","og_description":"Naro\u010dite se na na\u0161e e-novice, \u010de \u017eelite biti redno seznanjeni z vsemi aktualnimi novostmi in ponudbami. S po\u0161iljanjem tega obrazca se strinjam, da se vsi moji osebni podatki in podatki za stik obdelujejo in uporabljajo za namene marketin\u0161ke komunikacije. Od e-novic se lahko kadar koli odjavite, in sicer s klikom povezave \u00bbOdjava\u00ab, ki je vklju\u010dena [&hellip;]","og_url":"https:\/\/bluewaves.hr\/sl\/newsletter\/","og_site_name":"Blue Waves Resort","article_modified_time":"2022-03-11T16:02:32+00:00","twitter_card":"summary_large_image","schema":{"@context":"https:\/\/schema.org","@graph":[{"@type":"WebPage","@id":"https:\/\/bluewaves.hr\/sl\/newsletter\/","url":"https:\/\/bluewaves.hr\/sl\/newsletter\/","name":"Newsletter - Blue Waves Resort","isPartOf":{"@id":"https:\/\/bluewaves.hr\/sl\/#website"},"datePublished":"2019-12-16T17:17:01+00:00","dateModified":"2022-03-11T16:02:32+00:00","breadcrumb":{"@id":"https:\/\/bluewaves.hr\/sl\/newsletter\/#breadcrumb"},"inLanguage":"sl-SI","potentialAction":[{"@type":"ReadAction","target":["https:\/\/bluewaves.hr\/sl\/newsletter\/"]}]},{"@type":"BreadcrumbList","@id":"https:\/\/bluewaves.hr\/sl\/newsletter\/#breadcrumb","itemListElement":[{"@type":"ListItem","position":1,"name":"Home","item":"https:\/\/bluewaves.hr\/sl\/"},{"@type":"ListItem","position":2,"name":"Newsletter"}]},{"@type":"WebSite","@id":"https:\/\/bluewaves.hr\/sl\/#website","url":"https:\/\/bluewaves.hr\/sl\/","name":"Blue Waves Resort","description":"Just another ms.decms.eu site","publisher":{"@id":"https:\/\/bluewaves.hr\/sl\/#organization"},"potentialAction":[{"@type":"SearchAction","target":{"@type":"EntryPoint","urlTemplate":"https:\/\/bluewaves.hr\/sl\/?s={search_term_string}"},"query-input":{"@type":"PropertyValueSpecification","valueRequired":true,"valueName":"search_term_string"}}],"inLanguage":"sl-SI"},{"@type":"Organization","@id":"https:\/\/bluewaves.hr\/sl\/#organization","name":"Blue Waves Resort","url":"https:\/\/bluewaves.hr\/sl\/","logo":{"@type":"ImageObject","inLanguage":"sl-SI","@id":"https:\/\/bluewaves.hr\/sl\/#\/schema\/logo\/image\/","url":"https:\/\/bluewaves.hr\/wp-content\/uploads\/sites\/100\/2024\/01\/Blue-waves-logo-zlatni.png","contentUrl":"https:\/\/bluewaves.hr\/wp-content\/uploads\/sites\/100\/2024\/01\/Blue-waves-logo-zlatni.png","width":1168,"height":652,"caption":"Blue Waves Resort"},"image":{"@id":"https:\/\/bluewaves.hr\/sl\/#\/schema\/logo\/image\/"}}]}},"acf":[],"_links":{"self":[{"href":"https:\/\/bluewaves.hr\/sl\/wp-json\/wp\/v2\/pages\/826","targetHints":{"allow":["GET"]}}],"collection":[{"href":"https:\/\/bluewaves.hr\/sl\/wp-json\/wp\/v2\/pages"}],"about":[{"href":"https:\/\/bluewaves.hr\/sl\/wp-json\/wp\/v2\/types\/page"}],"author":[{"embeddable":true,"href":"https:\/\/bluewaves.hr\/sl\/wp-json\/wp\/v2\/users\/4"}],"replies":[{"embeddable":true,"href":"https:\/\/bluewaves.hr\/sl\/wp-json\/wp\/v2\/comments?post=826"}],"version-history":[{"count":0,"href":"https:\/\/bluewaves.hr\/sl\/wp-json\/wp\/v2\/pages\/826\/revisions"}],"wp:attachment":[{"href":"https:\/\/bluewaves.hr\/sl\/wp-json\/wp\/v2\/media?parent=826"}],"curies":[{"name":"wp","href":"https:\/\/api.w.org\/{rel}","templated":true}]}}